{"id":245374,"date":"2020-05-10T20:37:55","date_gmt":"2020-05-10T20:37:55","guid":{"rendered":"https:\/\/teszt.donatkekesi.com\/?page_id=245374"},"modified":"2023-11-02T18:53:07","modified_gmt":"2023-11-02T18:53:07","slug":"request-a-quote","status":"publish","type":"page","link":"https:\/\/teszt.donatkekesi.com\/en\/request-a-quote\/","title":{"rendered":"Request a quote"},"content":{"rendered":"<p>[et_pb_section fb_built=&#8221;1&#8243; _builder_version=&#8221;4.16&#8243; background_color=&#8221;#000000&#8243; parallax=&#8221;on&#8221; custom_padding=&#8221;0|0px|10px|0px|false|false&#8221; global_colors_info=&#8221;{}&#8221;][et_pb_row column_structure=&#8221;1_2,1_2&#8243; _builder_version=&#8221;4.16&#8243; width=&#8221;100%&#8221; max_width=&#8221;100%&#8221; module_alignment=&#8221;center&#8221; custom_padding=&#8221;10px|0px|10px|0px|false|false&#8221; use_custom_width=&#8221;on&#8221; width_unit=&#8221;off&#8221; custom_width_percent=&#8221;100%&#8221; global_colors_info=&#8221;{}&#8221;][et_pb_column type=&#8221;1_2&#8243; _builder_version=&#8221;4.16&#8243; custom_padding=&#8221;|||&#8221; global_colors_info=&#8221;{}&#8221; custom_padding__hover=&#8221;|||&#8221;][et_pb_divider show_divider=&#8221;off&#8221; _builder_version=&#8221;4.16&#8243; height=&#8221;15px&#8221; custom_margin=&#8221;||120px|&#8221; custom_margin_tablet=&#8221;&#8221; custom_margin_phone=&#8221;||50px|&#8221; custom_margin_last_edited=&#8221;on|phone&#8221; global_colors_info=&#8221;{}&#8221;][\/et_pb_divider][et_pb_text _builder_version=&#8221;4.16&#8243; text_font=&#8221;Montserrat|||on|||||&#8221; text_text_color=&#8221;#ffffff&#8221; text_font_size=&#8221;16px&#8221; text_line_height=&#8221;1em&#8221; header_font=&#8221;Montserrat||||||||&#8221; header_text_align=&#8221;center&#8221; header_text_color=&#8221;#ffffff&#8221; header_font_size=&#8221;50px&#8221; header_line_height=&#8221;1.2em&#8221; header_2_font=&#8221;Montserrat||||||||&#8221; header_2_text_align=&#8221;center&#8221; header_2_text_color=&#8221;#ffffff&#8221; header_2_font_size=&#8221;50px&#8221; header_2_line_height=&#8221;1.2em&#8221; header_3_font=&#8221;Montserrat||||||||&#8221; header_3_text_color=&#8221;#ffffff&#8221; header_3_font_size=&#8221;16px&#8221; header_3_letter_spacing=&#8221;2px&#8221; background_enable_color=&#8221;off&#8221; max_width=&#8221;100%&#8221; custom_margin=&#8221;|27px||135px|false|false&#8221; custom_margin_tablet=&#8221;&#8221; custom_margin_phone=&#8221;|||40px&#8221; custom_margin_last_edited=&#8221;on|phone&#8221; text_font_size_tablet=&#8221;&#8221; text_font_size_phone=&#8221;14px&#8221; text_font_size_last_edited=&#8221;on|desktop&#8221; header_2_font_size_tablet=&#8221;&#8221; header_2_font_size_phone=&#8221;20px&#8221; header_2_font_size_last_edited=&#8221;on|desktop&#8221; header_3_font_size_tablet=&#8221;&#8221; header_3_font_size_phone=&#8221;14px&#8221; header_3_font_size_last_edited=&#8221;on|phone&#8221; saved_tabs=&#8221;all&#8221; global_colors_info=&#8221;{}&#8221;]<\/p>\n<h3 style=\"text-align: left;\">Don\u00e1t K\u00e9kesi &#8211; Photography<\/h3>\n<p>[\/et_pb_text][et_pb_post_title meta=&#8221;off&#8221; featured_image=&#8221;off&#8221; _builder_version=&#8221;4.16&#8243; title_font=&#8221;Montserrat||||||||&#8221; title_text_color=&#8221;#ffffff&#8221; title_font_size=&#8221;46px&#8221; title_line_height=&#8221;1.5em&#8221; custom_margin=&#8221;|||135px|false|false&#8221; custom_margin_tablet=&#8221;&#8221; custom_margin_phone=&#8221;|||40px|false|false&#8221; custom_margin_last_edited=&#8221;on|desktop&#8221; title_font_size_tablet=&#8221;&#8221; title_font_size_phone=&#8221;25px&#8221; title_font_size_last_edited=&#8221;on|phone&#8221; global_colors_info=&#8221;{}&#8221;][\/et_pb_post_title][\/et_pb_column][et_pb_column type=&#8221;1_2&#8243; _builder_version=&#8221;4.16&#8243; custom_padding=&#8221;|||&#8221; global_colors_info=&#8221;{}&#8221; custom_padding__hover=&#8221;|||&#8221;][et_pb_image src=&#8221;https:\/\/teszt.donatkekesi.com\/wp-content\/uploads\/2020\/05\/budapest-fotozas-arajanlat.jpg&#8221; align_tablet=&#8221;center&#8221; align_phone=&#8221;&#8221; align_last_edited=&#8221;on|desktop&#8221; _builder_version=&#8221;4.16&#8243; border_color_all=&#8221;#ffffff&#8221; global_colors_info=&#8221;{}&#8221;][\/et_pb_image][\/et_pb_column][\/et_pb_row][\/et_pb_section][et_pb_section fb_built=&#8221;1&#8243; admin_label=&#8221;Section&#8221; _builder_version=&#8221;4.16&#8243; background_color=&#8221;#000000&#8243; custom_padding=&#8221;0px||21px|&#8221; custom_padding_tablet=&#8221;0px|||&#8221; transparent_background=&#8221;off&#8221; global_colors_info=&#8221;{}&#8221;][et_pb_row padding_mobile=&#8221;on&#8221; column_padding_mobile=&#8221;on&#8221; admin_label=&#8221;Row&#8221; _builder_version=&#8221;4.16&#8243; background_size=&#8221;initial&#8221; background_position=&#8221;top_left&#8221; background_repeat=&#8221;repeat&#8221; width=&#8221;56%&#8221; width_tablet=&#8221;&#8221; width_phone=&#8221;80%&#8221; width_last_edited=&#8221;on|phone&#8221; max_width=&#8221;1200px&#8221; custom_padding=&#8221;60px|||&#8221; use_custom_width=&#8221;on&#8221; width_unit=&#8221;off&#8221; custom_width_percent=&#8221;56%&#8221; global_colors_info=&#8221;{}&#8221;][et_pb_column type=&#8221;4_4&#8243; _builder_version=&#8221;4.16&#8243; custom_padding=&#8221;|||&#8221; global_colors_info=&#8221;{}&#8221; custom_padding__hover=&#8221;|||&#8221;][et_pb_text admin_label=&#8221;Text&#8221; _builder_version=&#8221;4.21.0&#8243; text_font=&#8221;Montserrat||||||||&#8221; text_text_color=&#8221;#ffffff&#8221; text_font_size=&#8221;20px&#8221; text_line_height=&#8221;1.4em&#8221; background_size=&#8221;initial&#8221; background_position=&#8221;top_left&#8221; background_repeat=&#8221;repeat&#8221; use_border_color=&#8221;off&#8221; border_color=&#8221;#ffffff&#8221; border_style=&#8221;solid&#8221; global_colors_info=&#8221;{}&#8221;]<\/p>\n<p class=\"p1\">Thank you for your interest in our services.<\/p>\n<p>[\/et_pb_text][et_pb_text admin_label=&#8221;Text&#8221; _builder_version=&#8221;4.21.0&#8243; text_font=&#8221;Montserrat||||||||&#8221; text_text_color=&#8221;#ffffff&#8221; text_font_size=&#8221;16px&#8221; text_line_height=&#8221;1.6em&#8221; background_size=&#8221;initial&#8221; background_position=&#8221;top_left&#8221; background_repeat=&#8221;repeat&#8221; custom_margin=&#8221;33px|||&#8221; use_border_color=&#8221;off&#8221; border_color=&#8221;#ffffff&#8221; border_style=&#8221;solid&#8221; global_colors_info=&#8221;{}&#8221;]<\/p>\n<p>Request a quote by filling out the form below, after which we will contact you within 24 hours. If you have any questions, please contact us at <a href=\"tel:+36209223936\"><strong>+36-20-922-3936<\/strong><\/a><\/p>\n<p>[\/et_pb_text][\/et_pb_column][\/et_pb_row][et_pb_row _builder_version=&#8221;4.16&#8243; background_size=&#8221;initial&#8221; background_position=&#8221;top_left&#8221; background_repeat=&#8221;repeat&#8221; max_width=&#8221;80%&#8221; custom_padding=&#8221;17px|0px|45px|0px|false|false&#8221; use_custom_width=&#8221;on&#8221; width_unit=&#8221;off&#8221; global_colors_info=&#8221;{}&#8221;][et_pb_column type=&#8221;4_4&#8243; _builder_version=&#8221;4.16&#8243; custom_padding=&#8221;|||&#8221; global_colors_info=&#8221;{}&#8221; custom_padding__hover=&#8221;|||&#8221;][et_pb_contact_form captcha=&#8221;off&#8221; email=&#8221;marketing@donatkekesi.com&#8221; use_redirect=&#8221;on&#8221; redirect_url=&#8221;\/en\/thank-you&#8221; module_id=&#8221;et_pb_contact_form_0&#8243; _builder_version=&#8221;4.22.2&#8243; _unique_id=&#8221;83612a25-4067-43c7-a5b1-ad1dde2965aa&#8221; form_field_background_color=&#8221;#ffffff&#8221; form_field_text_color=&#8221;#000000&#8243; title_font=&#8221;||||||||&#8221; title_text_color=&#8221;#ffffff&#8221; form_field_font=&#8221;Montserrat||||||||&#8221; form_field_font_size=&#8221;14px&#8221; form_field_line_height=&#8221;1.5em&#8221; custom_button=&#8221;on&#8221; button_text_size=&#8221;20px&#8221; button_text_color=&#8221;#ffffff&#8221; button_bg_color=&#8221;#eb008b&#8221; button_border_width=&#8221;0px&#8221; button_font=&#8221;||||||||&#8221; button_icon_placement=&#8221;left&#8221; max_width=&#8221;70%&#8221; max_width_tablet=&#8221;&#8221; max_width_phone=&#8221;&#8221; max_width_last_edited=&#8221;on|desktop&#8221; module_alignment=&#8221;center&#8221; hover_enabled=&#8221;0&#8243; form_background_color=&#8221;#ffffff&#8221; global_colors_info=&#8221;{}&#8221; sticky_enabled=&#8221;0&#8243;][et_pb_contact_field field_id=&#8221;Name_2&#8243; field_title=&#8221;Name*&#8221; fullwidth_field=&#8221;on&#8221; _builder_version=&#8221;4.21.0&#8243; global_colors_info=&#8221;{}&#8221;][\/et_pb_contact_field][et_pb_contact_field field_id=&#8221;Email_2&#8243; field_title=&#8221;Email*&#8221; field_type=&#8221;email&#8221; fullwidth_field=&#8221;on&#8221; _builder_version=&#8221;4.21.0&#8243; global_colors_info=&#8221;{}&#8221;][\/et_pb_contact_field][et_pb_contact_field field_id=&#8221;Phone&#8221; field_title=&#8221;Phone*&#8221; fullwidth_field=&#8221;on&#8221; _builder_version=&#8221;4.21.0&#8243; global_colors_info=&#8221;{}&#8221; button_text_size__hover_enabled=&#8221;off&#8221; button_one_text_size__hover_enabled=&#8221;off&#8221; button_two_text_size__hover_enabled=&#8221;off&#8221; button_text_color__hover_enabled=&#8221;off&#8221; button_one_text_color__hover_enabled=&#8221;off&#8221; button_two_text_color__hover_enabled=&#8221;off&#8221; button_border_width__hover_enabled=&#8221;off&#8221; button_one_border_width__hover_enabled=&#8221;off&#8221; button_two_border_width__hover_enabled=&#8221;off&#8221; button_border_color__hover_enabled=&#8221;off&#8221; button_one_border_color__hover_enabled=&#8221;off&#8221; button_two_border_color__hover_enabled=&#8221;off&#8221; button_border_radius__hover_enabled=&#8221;off&#8221; button_one_border_radius__hover_enabled=&#8221;off&#8221; button_two_border_radius__hover_enabled=&#8221;off&#8221; button_letter_spacing__hover_enabled=&#8221;off&#8221; button_one_letter_spacing__hover_enabled=&#8221;off&#8221; button_two_letter_spacing__hover_enabled=&#8221;off&#8221; button_bg_color__hover_enabled=&#8221;off&#8221; button_one_bg_color__hover_enabled=&#8221;off&#8221; button_two_bg_color__hover_enabled=&#8221;off&#8221;][\/et_pb_contact_field][et_pb_contact_field field_id=&#8221;Message&#8221; field_title=&#8221;Message*&#8221; field_type=&#8221;text&#8221; required_mark=&#8221;off&#8221; _builder_version=&#8221;4.21.0&#8243; global_colors_info=&#8221;{}&#8221; button_text_size__hover_enabled=&#8221;off&#8221; button_one_text_size__hover_enabled=&#8221;off&#8221; button_two_text_size__hover_enabled=&#8221;off&#8221; button_text_color__hover_enabled=&#8221;off&#8221; button_one_text_color__hover_enabled=&#8221;off&#8221; button_two_text_color__hover_enabled=&#8221;off&#8221; button_border_width__hover_enabled=&#8221;off&#8221; button_one_border_width__hover_enabled=&#8221;off&#8221; button_two_border_width__hover_enabled=&#8221;off&#8221; button_border_color__hover_enabled=&#8221;off&#8221; button_one_border_color__hover_enabled=&#8221;off&#8221; button_two_border_color__hover_enabled=&#8221;off&#8221; button_border_radius__hover_enabled=&#8221;off&#8221; button_one_border_radius__hover_enabled=&#8221;off&#8221; button_two_border_radius__hover_enabled=&#8221;off&#8221; button_letter_spacing__hover_enabled=&#8221;off&#8221; button_one_letter_spacing__hover_enabled=&#8221;off&#8221; button_two_letter_spacing__hover_enabled=&#8221;off&#8221; button_bg_color__hover_enabled=&#8221;off&#8221; button_one_bg_color__hover_enabled=&#8221;off&#8221; button_two_bg_color__hover_enabled=&#8221;off&#8221;][\/et_pb_contact_field][et_pb_contact_field field_id=&#8221;Service&#8221; field_title=&#8221;Service*&#8221; field_type=&#8221;checkbox&#8221; checkbox_options=&#8221;%91{%22value%22:%22Photography%22,%22checked%22:0,%22dragID%22:-1},{%22value%22:%22Commercials, Film &#038; Video%22,%22checked%22:0,%22dragID%22:0},{%22value%22:%22Corporate Event%22,%22checked%22:0,%22dragID%22:1},{%22value%22:%22Portrait &#038; Headshot%22,%22checked%22:0,%22dragID%22:2},{%22value%22:%22Group Photo%22,%22checked%22:0,%22dragID%22:3},{%22value%22:%22Advertising%22,%22checked%22:0,%22dragID%22:4},{%22value%22:%22Packshot \/ Product%22,%22checked%22:0,%22dragID%22:5},{%22value%22:%22Interior%22,%22checked%22:0,%22dragID%22:6},{%22value%22:%22Miscellaneous%22,%22checked%22:0,%22dragID%22:7}%93&#8243; required_mark=&#8221;off&#8221; _builder_version=&#8221;4.22.2&#8243; form_field_background_color=&#8221;#eb008b&#8221; form_field_text_color=&#8221;#ffffff&#8221; field_background_color=&#8221;#eb008b&#8221; global_colors_info=&#8221;{}&#8221; button_text_size__hover_enabled=&#8221;off&#8221; button_one_text_size__hover_enabled=&#8221;off&#8221; button_two_text_size__hover_enabled=&#8221;off&#8221; button_text_color__hover_enabled=&#8221;off&#8221; button_one_text_color__hover_enabled=&#8221;off&#8221; button_two_text_color__hover_enabled=&#8221;off&#8221; button_border_width__hover_enabled=&#8221;off&#8221; button_one_border_width__hover_enabled=&#8221;off&#8221; button_two_border_width__hover_enabled=&#8221;off&#8221; button_border_color__hover_enabled=&#8221;off&#8221; button_one_border_color__hover_enabled=&#8221;off&#8221; button_two_border_color__hover_enabled=&#8221;off&#8221; button_border_radius__hover_enabled=&#8221;off&#8221; button_one_border_radius__hover_enabled=&#8221;off&#8221; button_two_border_radius__hover_enabled=&#8221;off&#8221; button_letter_spacing__hover_enabled=&#8221;off&#8221; button_one_letter_spacing__hover_enabled=&#8221;off&#8221; button_two_letter_spacing__hover_enabled=&#8221;off&#8221; button_bg_color__hover_enabled=&#8221;off&#8221; button_one_bg_color__hover_enabled=&#8221;off&#8221; button_two_bg_color__hover_enabled=&#8221;off&#8221;][\/et_pb_contact_field][et_pb_contact_field field_id=&#8221;Field_7&#8243; field_title=&#8221; &#8221; field_type=&#8221;checkbox&#8221; checkbox_options=&#8221;%91{%22value%22:%22I read and understood the %22,%22checked%22:0,%22dragID%22:-1,%22link_url%22:%22\/en\/data-protection\/%22,%22link_text%22:%22Data Protection Policy%22}%93&#8243; fullwidth_field=&#8221;on&#8221; _builder_version=&#8221;4.22.2&#8243; form_field_background_color=&#8221;#eb008b&#8221; form_field_text_color=&#8221;#ffffff&#8221; field_background_color=&#8221;#eb008b&#8221; global_colors_info=&#8221;{}&#8221; button_text_size__hover_enabled=&#8221;off&#8221; button_one_text_size__hover_enabled=&#8221;off&#8221; button_two_text_size__hover_enabled=&#8221;off&#8221; button_text_color__hover_enabled=&#8221;off&#8221; button_one_text_color__hover_enabled=&#8221;off&#8221; button_two_text_color__hover_enabled=&#8221;off&#8221; button_border_width__hover_enabled=&#8221;off&#8221; button_one_border_width__hover_enabled=&#8221;off&#8221; button_two_border_width__hover_enabled=&#8221;off&#8221; button_border_color__hover_enabled=&#8221;off&#8221; button_one_border_color__hover_enabled=&#8221;off&#8221; button_two_border_color__hover_enabled=&#8221;off&#8221; button_border_radius__hover_enabled=&#8221;off&#8221; button_one_border_radius__hover_enabled=&#8221;off&#8221; button_two_border_radius__hover_enabled=&#8221;off&#8221; button_letter_spacing__hover_enabled=&#8221;off&#8221; button_one_letter_spacing__hover_enabled=&#8221;off&#8221; button_two_letter_spacing__hover_enabled=&#8221;off&#8221; button_bg_color__hover_enabled=&#8221;off&#8221; button_one_bg_color__hover_enabled=&#8221;off&#8221; button_two_bg_color__hover_enabled=&#8221;off&#8221;][\/et_pb_contact_field][\/et_pb_contact_form][\/et_pb_column][\/et_pb_row][\/et_pb_section]<\/p>\n","protected":false},"excerpt":{"rendered":"<p>Don\u00e1t K\u00e9kesi &#8211; PhotographyThank you for your interest in our services.Request a quote by filling out the form below, after which we will contact you within 24 hours. If you have any questions, please contact us at +36-20-922-3936<\/p>\n","protected":false},"author":2,"featured_media":240775,"parent":0,"menu_order":0,"comment_status":"closed","ping_status":"closed","template":"","meta":{"_et_pb_use_builder":"on","_et_pb_old_content":"","_et_gb_content_width":"","footnotes":""},"dipi_cpt_category":[],"yoast_head":"<!-- This site is optimized with the Yoast SEO plugin v21.4 - https:\/\/yoast.com\/wordpress\/plugins\/seo\/ -->\n<title>Request a quote | Don\u00e1t K\u00e9kesi - Photography<\/title>\n<meta name=\"description\" content=\"International photography &amp; video production. Professional studio equipment. Personalized concept. 100% quality guarantee.\" \/>\n<meta name=\"robots\" content=\"noindex, follow, max-snippet:-1, max-image-preview:large, max-video-preview:-1\" \/>\n<meta property=\"og:locale\" content=\"en_US\" \/>\n<meta property=\"og:type\" content=\"article\" \/>\n<meta property=\"og:title\" content=\"Request a quote | Don\u00e1t K\u00e9kesi - Photography\" \/>\n<meta property=\"og:description\" content=\"International photography &amp; video production. Professional studio equipment. Personalized concept. 100% quality guarantee.\" \/>\n<meta property=\"og:url\" content=\"https:\/\/teszt.donatkekesi.com\/en\/request-a-quote\/\" \/>\n<meta property=\"og:site_name\" content=\"Don\u00e1t K\u00e9kesi - Photography\" \/>\n<meta property=\"article:modified_time\" content=\"2023-11-02T18:53:07+00:00\" \/>\n<meta property=\"og:image\" content=\"https:\/\/teszt.donatkekesi.com\/wp-content\/uploads\/2020\/05\/budapest-fotozas-arajanlat.jpg\" \/>\n\t<meta property=\"og:image:width\" content=\"1200\" \/>\n\t<meta property=\"og:image:height\" content=\"800\" \/>\n\t<meta property=\"og:image:type\" content=\"image\/jpeg\" \/>\n<meta name=\"twitter:card\" content=\"summary_large_image\" \/>\n<meta name=\"twitter:label1\" content=\"Est. reading time\" \/>\n\t<meta name=\"twitter:data1\" content=\"3 minutes\" \/>\n<script type=\"application\/ld+json\" class=\"yoast-schema-graph\">{\"@context\":\"https:\/\/schema.org\",\"@graph\":[{\"@type\":\"WebPage\",\"@id\":\"https:\/\/teszt.donatkekesi.com\/en\/request-a-quote\/\",\"url\":\"https:\/\/teszt.donatkekesi.com\/en\/request-a-quote\/\",\"name\":\"Request a quote | Don\u00e1t K\u00e9kesi - Photography\",\"isPartOf\":{\"@id\":\"https:\/\/teszt.donatkekesi.com\/#website\"},\"datePublished\":\"2020-05-10T20:37:55+00:00\",\"dateModified\":\"2023-11-02T18:53:07+00:00\",\"description\":\"International photography & video production. Professional studio equipment. Personalized concept. 100% quality guarantee.\",\"breadcrumb\":{\"@id\":\"https:\/\/teszt.donatkekesi.com\/en\/request-a-quote\/#breadcrumb\"},\"inLanguage\":\"en-US\",\"potentialAction\":[{\"@type\":\"ReadAction\",\"target\":[\"https:\/\/teszt.donatkekesi.com\/en\/request-a-quote\/\"]}]},{\"@type\":\"BreadcrumbList\",\"@id\":\"https:\/\/teszt.donatkekesi.com\/en\/request-a-quote\/#breadcrumb\",\"itemListElement\":[{\"@type\":\"ListItem\",\"position\":1,\"name\":\"Home\",\"item\":\"https:\/\/teszt.donatkekesi.com\/en\/\"},{\"@type\":\"ListItem\",\"position\":2,\"name\":\"Request a quote\"}]},{\"@type\":\"WebSite\",\"@id\":\"https:\/\/teszt.donatkekesi.com\/#website\",\"url\":\"https:\/\/teszt.donatkekesi.com\/\",\"name\":\"Don\u00e1t K\u00e9kesi - Photography\",\"description\":\"Portr\u00e9-, csoportk\u00e9p-, esk\u00fcv\u0151i-, rekl\u00e1mfot\u00f3z\u00e1s, rendezv\u00e9ny-dokument\u00e1ci\u00f3 Budapest\",\"potentialAction\":[{\"@type\":\"SearchAction\",\"target\":{\"@type\":\"EntryPoint\",\"urlTemplate\":\"https:\/\/teszt.donatkekesi.com\/?s={search_term_string}\"},\"query-input\":\"required name=search_term_string\"}],\"inLanguage\":\"en-US\"}]}<\/script>\n<!-- \/ Yoast SEO plugin. -->","yoast_head_json":{"title":"Request a quote | Don\u00e1t K\u00e9kesi - Photography","description":"International photography & video production. Professional studio equipment. Personalized concept. 100% quality guarantee.","robots":{"index":"noindex","follow":"follow","max-snippet":"max-snippet:-1","max-image-preview":"max-image-preview:large","max-video-preview":"max-video-preview:-1"},"og_locale":"en_US","og_type":"article","og_title":"Request a quote | Don\u00e1t K\u00e9kesi - Photography","og_description":"International photography & video production. Professional studio equipment. Personalized concept. 100% quality guarantee.","og_url":"https:\/\/teszt.donatkekesi.com\/en\/request-a-quote\/","og_site_name":"Don\u00e1t K\u00e9kesi - Photography","article_modified_time":"2023-11-02T18:53:07+00:00","og_image":[{"width":1200,"height":800,"url":"https:\/\/teszt.donatkekesi.com\/wp-content\/uploads\/2020\/05\/budapest-fotozas-arajanlat.jpg","type":"image\/jpeg"}],"twitter_card":"summary_large_image","twitter_misc":{"Est. reading time":"3 minutes"},"schema":{"@context":"https:\/\/schema.org","@graph":[{"@type":"WebPage","@id":"https:\/\/teszt.donatkekesi.com\/en\/request-a-quote\/","url":"https:\/\/teszt.donatkekesi.com\/en\/request-a-quote\/","name":"Request a quote | Don\u00e1t K\u00e9kesi - Photography","isPartOf":{"@id":"https:\/\/teszt.donatkekesi.com\/#website"},"datePublished":"2020-05-10T20:37:55+00:00","dateModified":"2023-11-02T18:53:07+00:00","description":"International photography & video production. Professional studio equipment. Personalized concept. 100% quality guarantee.","breadcrumb":{"@id":"https:\/\/teszt.donatkekesi.com\/en\/request-a-quote\/#breadcrumb"},"inLanguage":"en-US","potentialAction":[{"@type":"ReadAction","target":["https:\/\/teszt.donatkekesi.com\/en\/request-a-quote\/"]}]},{"@type":"BreadcrumbList","@id":"https:\/\/teszt.donatkekesi.com\/en\/request-a-quote\/#breadcrumb","itemListElement":[{"@type":"ListItem","position":1,"name":"Home","item":"https:\/\/teszt.donatkekesi.com\/en\/"},{"@type":"ListItem","position":2,"name":"Request a quote"}]},{"@type":"WebSite","@id":"https:\/\/teszt.donatkekesi.com\/#website","url":"https:\/\/teszt.donatkekesi.com\/","name":"Don\u00e1t K\u00e9kesi - Photography","description":"Portr\u00e9-, csoportk\u00e9p-, esk\u00fcv\u0151i-, rekl\u00e1mfot\u00f3z\u00e1s, rendezv\u00e9ny-dokument\u00e1ci\u00f3 Budapest","potentialAction":[{"@type":"SearchAction","target":{"@type":"EntryPoint","urlTemplate":"https:\/\/teszt.donatkekesi.com\/?s={search_term_string}"},"query-input":"required name=search_term_string"}],"inLanguage":"en-US"}]}},"_links":{"self":[{"href":"https:\/\/teszt.donatkekesi.com\/en\/wp-json\/wp\/v2\/pages\/245374"}],"collection":[{"href":"https:\/\/teszt.donatkekesi.com\/en\/wp-json\/wp\/v2\/pages"}],"about":[{"href":"https:\/\/teszt.donatkekesi.com\/en\/wp-json\/wp\/v2\/types\/page"}],"author":[{"embeddable":true,"href":"https:\/\/teszt.donatkekesi.com\/en\/wp-json\/wp\/v2\/users\/2"}],"replies":[{"embeddable":true,"href":"https:\/\/teszt.donatkekesi.com\/en\/wp-json\/wp\/v2\/comments?post=245374"}],"version-history":[{"count":9,"href":"https:\/\/teszt.donatkekesi.com\/en\/wp-json\/wp\/v2\/pages\/245374\/revisions"}],"predecessor-version":[{"id":246147,"href":"https:\/\/teszt.donatkekesi.com\/en\/wp-json\/wp\/v2\/pages\/245374\/revisions\/246147"}],"wp:featuredmedia":[{"embeddable":true,"href":"https:\/\/teszt.donatkekesi.com\/en\/wp-json\/wp\/v2\/media\/240775"}],"wp:attachment":[{"href":"https:\/\/teszt.donatkekesi.com\/en\/wp-json\/wp\/v2\/media?parent=245374"}],"wp:term":[{"taxonomy":"dipi_cpt_category","embeddable":true,"href":"https:\/\/teszt.donatkekesi.com\/en\/wp-json\/wp\/v2\/dipi_cpt_category?post=245374"}],"curies":[{"name":"wp","href":"https:\/\/api.w.org\/{rel}","templated":true}]}}