{"id":246492,"date":"2020-05-10T20:37:55","date_gmt":"2020-05-10T20:37:55","guid":{"rendered":"https:\/\/teszt.donatkekesi.com\/?page_id=246492"},"modified":"2024-01-31T10:35:50","modified_gmt":"2024-01-31T10:35:50","slug":"angebot-anfordern","status":"publish","type":"page","link":"https:\/\/teszt.donatkekesi.com\/de\/angebot-anfordern\/","title":{"rendered":"Angebot anfordern"},"content":{"rendered":"<p>[et_pb_section fb_built=&#8220;1&#8243; _builder_version=&#8220;4.16&#8243; background_color=&#8220;#000000&#8243; parallax=&#8220;on&#8220; custom_padding=&#8220;0|0px|10px|0px|false|false&#8220; global_colors_info=&#8220;{}&#8220;][et_pb_row column_structure=&#8220;1_2,1_2&#8243; _builder_version=&#8220;4.16&#8243; width=&#8220;100%&#8220; max_width=&#8220;100%&#8220; module_alignment=&#8220;center&#8220; custom_padding=&#8220;10px|0px|10px|0px|false|false&#8220; use_custom_width=&#8220;on&#8220; width_unit=&#8220;off&#8220; custom_width_percent=&#8220;100%&#8220; global_colors_info=&#8220;{}&#8220;][et_pb_column type=&#8220;1_2&#8243; _builder_version=&#8220;4.16&#8243; custom_padding=&#8220;|||&#8220; global_colors_info=&#8220;{}&#8220; custom_padding__hover=&#8220;|||&#8220;][et_pb_divider show_divider=&#8220;off&#8220; _builder_version=&#8220;4.16&#8243; height=&#8220;15px&#8220; custom_margin=&#8220;||120px|&#8220; custom_margin_tablet=&#8220;&#8220; custom_margin_phone=&#8220;||50px|&#8220; custom_margin_last_edited=&#8220;on|phone&#8220; global_colors_info=&#8220;{}&#8220;][\/et_pb_divider][et_pb_text _builder_version=&#8220;4.22.2&#8243; text_font=&#8220;Montserrat|||on|||||&#8220; text_text_color=&#8220;#ffffff&#8220; text_font_size=&#8220;16px&#8220; text_line_height=&#8220;1em&#8220; header_font=&#8220;Montserrat||||||||&#8220; header_text_align=&#8220;center&#8220; header_text_color=&#8220;#ffffff&#8220; header_font_size=&#8220;50px&#8220; header_line_height=&#8220;1.2em&#8220; header_2_font=&#8220;Montserrat||||||||&#8220; header_2_text_align=&#8220;center&#8220; header_2_text_color=&#8220;#ffffff&#8220; header_2_font_size=&#8220;50px&#8220; header_2_line_height=&#8220;1.2em&#8220; header_3_font=&#8220;Montserrat||||||||&#8220; header_3_text_color=&#8220;#ffffff&#8220; header_3_font_size=&#8220;16px&#8220; header_3_letter_spacing=&#8220;2px&#8220; background_enable_color=&#8220;off&#8220; max_width=&#8220;100%&#8220; custom_margin=&#8220;|27px||135px|false|false&#8220; custom_margin_tablet=&#8220;&#8220; custom_margin_phone=&#8220;|||40px&#8220; custom_margin_last_edited=&#8220;on|phone&#8220; text_font_size_tablet=&#8220;&#8220; text_font_size_phone=&#8220;14px&#8220; text_font_size_last_edited=&#8220;on|desktop&#8220; header_2_font_size_tablet=&#8220;&#8220; header_2_font_size_phone=&#8220;20px&#8220; header_2_font_size_last_edited=&#8220;on|desktop&#8220; header_3_font_size_tablet=&#8220;&#8220; header_3_font_size_phone=&#8220;14px&#8220; header_3_font_size_last_edited=&#8220;on|phone&#8220; global_module=&#8220;246287&#8243; saved_tabs=&#8220;all&#8220; global_colors_info=&#8220;{}&#8220; locked=&#8220;off&#8220;]<\/p>\n<h3 style=\"text-align: left;\">Don\u00e1t K\u00e9kesi &#8211; Fotografie<\/h3>\n<p>[\/et_pb_text][et_pb_post_title meta=&#8220;off&#8220; featured_image=&#8220;off&#8220; _builder_version=&#8220;4.16&#8243; title_font=&#8220;Montserrat||||||||&#8220; title_text_color=&#8220;#ffffff&#8220; title_font_size=&#8220;46px&#8220; title_line_height=&#8220;1.5em&#8220; custom_margin=&#8220;|||135px|false|false&#8220; custom_margin_tablet=&#8220;&#8220; custom_margin_phone=&#8220;|||40px|false|false&#8220; custom_margin_last_edited=&#8220;on|desktop&#8220; title_font_size_tablet=&#8220;&#8220; title_font_size_phone=&#8220;25px&#8220; title_font_size_last_edited=&#8220;on|phone&#8220; global_colors_info=&#8220;{}&#8220;][\/et_pb_post_title][\/et_pb_column][et_pb_column type=&#8220;1_2&#8243; _builder_version=&#8220;4.16&#8243; custom_padding=&#8220;|||&#8220; global_colors_info=&#8220;{}&#8220; custom_padding__hover=&#8220;|||&#8220;][et_pb_image src=&#8220;https:\/\/teszt.donatkekesi.com\/wp-content\/uploads\/2020\/05\/budapest-fotozas-arajanlat.jpg&#8220; align_tablet=&#8220;center&#8220; align_phone=&#8220;&#8220; align_last_edited=&#8220;on|desktop&#8220; _builder_version=&#8220;4.16&#8243; border_color_all=&#8220;#ffffff&#8220; global_colors_info=&#8220;{}&#8220;][\/et_pb_image][\/et_pb_column][\/et_pb_row][\/et_pb_section][et_pb_section fb_built=&#8220;1&#8243; admin_label=&#8220;Section&#8220; _builder_version=&#8220;4.16&#8243; background_color=&#8220;#000000&#8243; custom_padding=&#8220;0px||21px|&#8220; custom_padding_tablet=&#8220;0px|||&#8220; transparent_background=&#8220;off&#8220; global_colors_info=&#8220;{}&#8220;][et_pb_row padding_mobile=&#8220;on&#8220; column_padding_mobile=&#8220;on&#8220; admin_label=&#8220;Row&#8220; _builder_version=&#8220;4.16&#8243; background_size=&#8220;initial&#8220; background_position=&#8220;top_left&#8220; background_repeat=&#8220;repeat&#8220; width=&#8220;56%&#8220; width_tablet=&#8220;&#8220; width_phone=&#8220;80%&#8220; width_last_edited=&#8220;on|phone&#8220; max_width=&#8220;1200px&#8220; custom_padding=&#8220;60px|||&#8220; use_custom_width=&#8220;on&#8220; width_unit=&#8220;off&#8220; custom_width_percent=&#8220;56%&#8220; global_colors_info=&#8220;{}&#8220;][et_pb_column type=&#8220;4_4&#8243; _builder_version=&#8220;4.16&#8243; custom_padding=&#8220;|||&#8220; global_colors_info=&#8220;{}&#8220; custom_padding__hover=&#8220;|||&#8220;][et_pb_text admin_label=&#8220;Text&#8220; _builder_version=&#8220;4.22.2&#8243; text_font=&#8220;Montserrat||||||||&#8220; text_text_color=&#8220;#ffffff&#8220; text_font_size=&#8220;20px&#8220; text_line_height=&#8220;1.4em&#8220; background_size=&#8220;initial&#8220; background_position=&#8220;top_left&#8220; background_repeat=&#8220;repeat&#8220; hover_enabled=&#8220;0&#8243; use_border_color=&#8220;off&#8220; border_color=&#8220;#ffffff&#8220; border_style=&#8220;solid&#8220; global_colors_info=&#8220;{}&#8220; sticky_enabled=&#8220;0&#8243;]<\/p>\n<p class=\"p1\">Vielen Dank f\u00fcr dein Interesse an unseren Dienstleistungen.<\/p>\n<p>[\/et_pb_text][et_pb_text admin_label=&#8220;Text&#8220; _builder_version=&#8220;4.22.2&#8243; text_font=&#8220;Montserrat||||||||&#8220; text_text_color=&#8220;#ffffff&#8220; text_font_size=&#8220;16px&#8220; text_line_height=&#8220;1.6em&#8220; background_size=&#8220;initial&#8220; background_position=&#8220;top_left&#8220; background_repeat=&#8220;repeat&#8220; custom_margin=&#8220;33px|||&#8220; hover_enabled=&#8220;0&#8243; use_border_color=&#8220;off&#8220; border_color=&#8220;#ffffff&#8220; border_style=&#8220;solid&#8220; global_colors_info=&#8220;{}&#8220; sticky_enabled=&#8220;0&#8243;]<\/p>\n<p>Fordere ein Angebot an, indem du das untenstehende Formular ausf\u00fcllst. Wir werden uns innerhalb von 24 Stunden mit dir in Verbindung setzen. Bei Fragen kontaktiere uns unter der Telefonnummer <a href=\"tel:+36209223936\"><strong>+36-20-922-3936<\/strong><\/a><\/p>\n<p>[\/et_pb_text][\/et_pb_column][\/et_pb_row][et_pb_row _builder_version=&#8220;4.16&#8243; background_size=&#8220;initial&#8220; background_position=&#8220;top_left&#8220; background_repeat=&#8220;repeat&#8220; max_width=&#8220;80%&#8220; custom_padding=&#8220;17px|0px|45px|0px|false|false&#8220; use_custom_width=&#8220;on&#8220; width_unit=&#8220;off&#8220; global_colors_info=&#8220;{}&#8220;][et_pb_column type=&#8220;4_4&#8243; _builder_version=&#8220;4.16&#8243; custom_padding=&#8220;|||&#8220; global_colors_info=&#8220;{}&#8220; custom_padding__hover=&#8220;|||&#8220;][et_pb_contact_form captcha=&#8220;off&#8220; email=&#8220;marketing@donatkekesi.com&#8220; use_redirect=&#8220;on&#8220; redirect_url=&#8220;\/en\/thank-you&#8220; module_id=&#8220;et_pb_contact_form_0&#8243; _builder_version=&#8220;4.22.2&#8243; _unique_id=&#8220;83612a25-4067-43c7-a5b1-ad1dde2965aa&#8220; form_field_background_color=&#8220;#ffffff&#8220; form_field_text_color=&#8220;#000000&#8243; title_font=&#8220;||||||||&#8220; title_text_color=&#8220;#ffffff&#8220; form_field_font=&#8220;Montserrat||||||||&#8220; form_field_font_size=&#8220;14px&#8220; form_field_line_height=&#8220;1.5em&#8220; custom_button=&#8220;on&#8220; button_text_size=&#8220;20px&#8220; button_text_color=&#8220;#ffffff&#8220; button_bg_color=&#8220;#eb008b&#8220; button_border_width=&#8220;0px&#8220; button_font=&#8220;||||||||&#8220; button_icon_placement=&#8220;left&#8220; max_width=&#8220;70%&#8220; max_width_tablet=&#8220;&#8220; max_width_phone=&#8220;&#8220; max_width_last_edited=&#8220;on|desktop&#8220; module_alignment=&#8220;center&#8220; hover_enabled=&#8220;0&#8243; form_background_color=&#8220;#ffffff&#8220; global_colors_info=&#8220;{}&#8220; sticky_enabled=&#8220;0&#8243;][et_pb_contact_field field_id=&#8220;Name_2&#8243; field_title=&#8220;Name*&#8220; fullwidth_field=&#8220;on&#8220; _builder_version=&#8220;4.21.0&#8243; global_colors_info=&#8220;{}&#8220;][\/et_pb_contact_field][et_pb_contact_field field_id=&#8220;Email_2&#8243; field_title=&#8220;E-Mail-Adresse*&#8220; field_type=&#8220;email&#8220; fullwidth_field=&#8220;on&#8220; _builder_version=&#8220;4.22.2&#8243; hover_enabled=&#8220;0&#8243; global_colors_info=&#8220;{}&#8220; sticky_enabled=&#8220;0&#8243;][\/et_pb_contact_field][et_pb_contact_field field_id=&#8220;Phone&#8220; field_title=&#8220;Rufnummer*&#8220; fullwidth_field=&#8220;on&#8220; _builder_version=&#8220;4.22.2&#8243; hover_enabled=&#8220;0&#8243; global_colors_info=&#8220;{}&#8220; button_text_size__hover_enabled=&#8220;off&#8220; button_one_text_size__hover_enabled=&#8220;off&#8220; button_two_text_size__hover_enabled=&#8220;off&#8220; button_text_color__hover_enabled=&#8220;off&#8220; button_one_text_color__hover_enabled=&#8220;off&#8220; button_two_text_color__hover_enabled=&#8220;off&#8220; button_border_width__hover_enabled=&#8220;off&#8220; button_one_border_width__hover_enabled=&#8220;off&#8220; button_two_border_width__hover_enabled=&#8220;off&#8220; button_border_color__hover_enabled=&#8220;off&#8220; button_one_border_color__hover_enabled=&#8220;off&#8220; button_two_border_color__hover_enabled=&#8220;off&#8220; button_border_radius__hover_enabled=&#8220;off&#8220; button_one_border_radius__hover_enabled=&#8220;off&#8220; button_two_border_radius__hover_enabled=&#8220;off&#8220; button_letter_spacing__hover_enabled=&#8220;off&#8220; button_one_letter_spacing__hover_enabled=&#8220;off&#8220; button_two_letter_spacing__hover_enabled=&#8220;off&#8220; button_bg_color__hover_enabled=&#8220;off&#8220; button_one_bg_color__hover_enabled=&#8220;off&#8220; button_two_bg_color__hover_enabled=&#8220;off&#8220; sticky_enabled=&#8220;0&#8243;][\/et_pb_contact_field][et_pb_contact_field field_id=&#8220;Message&#8220; field_title=&#8220;Nachricht*&#8220; field_type=&#8220;text&#8220; required_mark=&#8220;off&#8220; _builder_version=&#8220;4.22.2&#8243; hover_enabled=&#8220;0&#8243; global_colors_info=&#8220;{}&#8220; button_text_size__hover_enabled=&#8220;off&#8220; button_one_text_size__hover_enabled=&#8220;off&#8220; button_two_text_size__hover_enabled=&#8220;off&#8220; button_text_color__hover_enabled=&#8220;off&#8220; button_one_text_color__hover_enabled=&#8220;off&#8220; button_two_text_color__hover_enabled=&#8220;off&#8220; button_border_width__hover_enabled=&#8220;off&#8220; button_one_border_width__hover_enabled=&#8220;off&#8220; button_two_border_width__hover_enabled=&#8220;off&#8220; button_border_color__hover_enabled=&#8220;off&#8220; button_one_border_color__hover_enabled=&#8220;off&#8220; button_two_border_color__hover_enabled=&#8220;off&#8220; button_border_radius__hover_enabled=&#8220;off&#8220; button_one_border_radius__hover_enabled=&#8220;off&#8220; button_two_border_radius__hover_enabled=&#8220;off&#8220; button_letter_spacing__hover_enabled=&#8220;off&#8220; button_one_letter_spacing__hover_enabled=&#8220;off&#8220; button_two_letter_spacing__hover_enabled=&#8220;off&#8220; button_bg_color__hover_enabled=&#8220;off&#8220; button_one_bg_color__hover_enabled=&#8220;off&#8220; button_two_bg_color__hover_enabled=&#8220;off&#8220; sticky_enabled=&#8220;0&#8243;][\/et_pb_contact_field][et_pb_contact_field field_id=&#8220;Service&#8220; field_title=&#8220;Dienstleistung*&#8220; field_type=&#8220;checkbox&#8220; checkbox_options=&#8220;%91{%22value%22:%22Fotografie%22,%22checked%22:0,%22dragID%22:-1},{%22value%22:%22Film%22,%22checked%22:0,%22dragID%22:0},{%22value%22:%22Event &#038; Firmenveranstaltung%22,%22checked%22:0,%22dragID%22:1},{%22value%22:%22Portr\u00e4tfotografie%22,%22checked%22:0,%22dragID%22:2},{%22value%22:%22Teamfotografie%22,%22checked%22:0,%22dragID%22:3},{%22value%22:%22Werbung%22,%22checked%22:0,%22dragID%22:4},{%22value%22:%22Packshot \/ Produktfotografie%22,%22checked%22:0,%22dragID%22:5},{%22value%22:%22Interieurfotografie%22,%22checked%22:0,%22dragID%22:6},{%22value%22:%22Sonstiges%22,%22checked%22:0,%22dragID%22:7}%93&#8243; required_mark=&#8220;off&#8220; _builder_version=&#8220;4.22.2&#8243; form_field_background_color=&#8220;#eb008b&#8220; form_field_text_color=&#8220;#ffffff&#8220; hover_enabled=&#8220;0&#8243; field_background_color=&#8220;#eb008b&#8220; global_colors_info=&#8220;{}&#8220; button_text_size__hover_enabled=&#8220;off&#8220; button_one_text_size__hover_enabled=&#8220;off&#8220; button_two_text_size__hover_enabled=&#8220;off&#8220; button_text_color__hover_enabled=&#8220;off&#8220; button_one_text_color__hover_enabled=&#8220;off&#8220; button_two_text_color__hover_enabled=&#8220;off&#8220; button_border_width__hover_enabled=&#8220;off&#8220; button_one_border_width__hover_enabled=&#8220;off&#8220; button_two_border_width__hover_enabled=&#8220;off&#8220; button_border_color__hover_enabled=&#8220;off&#8220; button_one_border_color__hover_enabled=&#8220;off&#8220; button_two_border_color__hover_enabled=&#8220;off&#8220; button_border_radius__hover_enabled=&#8220;off&#8220; button_one_border_radius__hover_enabled=&#8220;off&#8220; button_two_border_radius__hover_enabled=&#8220;off&#8220; button_letter_spacing__hover_enabled=&#8220;off&#8220; button_one_letter_spacing__hover_enabled=&#8220;off&#8220; button_two_letter_spacing__hover_enabled=&#8220;off&#8220; button_bg_color__hover_enabled=&#8220;off&#8220; button_one_bg_color__hover_enabled=&#8220;off&#8220; button_two_bg_color__hover_enabled=&#8220;off&#8220; sticky_enabled=&#8220;0&#8243;][\/et_pb_contact_field][et_pb_contact_field field_id=&#8220;Field_7&#8243; field_title=&#8220; &#8220; field_type=&#8220;checkbox&#8220; checkbox_options=&#8220;%91{%22value%22:%22Ich habe die AGB gelesen und akzeptiere sie: %22,%22checked%22:0,%22dragID%22:-1,%22link_url%22:%22\/de\/datenschutzerklaerung\/%22,%22link_text%22:%22Datenschutzerkl\u00e4rung%22}%93&#8243; fullwidth_field=&#8220;on&#8220; _builder_version=&#8220;4.22.2&#8243; form_field_background_color=&#8220;#eb008b&#8220; form_field_text_color=&#8220;#ffffff&#8220; hover_enabled=&#8220;0&#8243; field_background_color=&#8220;#eb008b&#8220; global_colors_info=&#8220;{}&#8220; button_text_size__hover_enabled=&#8220;off&#8220; button_one_text_size__hover_enabled=&#8220;off&#8220; button_two_text_size__hover_enabled=&#8220;off&#8220; button_text_color__hover_enabled=&#8220;off&#8220; button_one_text_color__hover_enabled=&#8220;off&#8220; button_two_text_color__hover_enabled=&#8220;off&#8220; button_border_width__hover_enabled=&#8220;off&#8220; button_one_border_width__hover_enabled=&#8220;off&#8220; button_two_border_width__hover_enabled=&#8220;off&#8220; button_border_color__hover_enabled=&#8220;off&#8220; button_one_border_color__hover_enabled=&#8220;off&#8220; button_two_border_color__hover_enabled=&#8220;off&#8220; button_border_radius__hover_enabled=&#8220;off&#8220; button_one_border_radius__hover_enabled=&#8220;off&#8220; button_two_border_radius__hover_enabled=&#8220;off&#8220; button_letter_spacing__hover_enabled=&#8220;off&#8220; button_one_letter_spacing__hover_enabled=&#8220;off&#8220; button_two_letter_spacing__hover_enabled=&#8220;off&#8220; button_bg_color__hover_enabled=&#8220;off&#8220; button_one_bg_color__hover_enabled=&#8220;off&#8220; button_two_bg_color__hover_enabled=&#8220;off&#8220; sticky_enabled=&#8220;0&#8243;][\/et_pb_contact_field][\/et_pb_contact_form][\/et_pb_column][\/et_pb_row][\/et_pb_section]<\/p>\n","protected":false},"excerpt":{"rendered":"<p>Don\u00e1t K\u00e9kesi &#8211; Fotografie Vielen Dank f\u00fcr dein Interesse an unseren Dienstleistungen. Fordere ein Angebot an, indem du das untenstehende Formular ausf\u00fcllst. Wir werden uns innerhalb von 24 Stunden mit dir in Verbindung setzen. Bei Fragen kontaktiere uns unter der Telefonnummer +36-20-922-3936<\/p>\n","protected":false},"author":2,"featured_media":246494,"parent":0,"menu_order":0,"comment_status":"closed","ping_status":"closed","template":"","meta":{"_et_pb_use_builder":"on","_et_pb_old_content":"","_et_gb_content_width":"","footnotes":""},"dipi_cpt_category":[],"yoast_head":"<!-- This site is optimized with the Yoast SEO plugin v21.4 - https:\/\/yoast.com\/wordpress\/plugins\/seo\/ -->\n<title>Angebot anfordern | Don\u00e1t K\u00e9kesi - Fotografie<\/title>\n<meta name=\"description\" content=\"Internationale Fotografie- und Videoproduktion. Professionelle Studioausr\u00fcstung. Personalisiertes Konzept. 100 % Qualit\u00e4tsgarantie.\" \/>\n<meta name=\"robots\" content=\"noindex, follow, max-snippet:-1, max-image-preview:large, max-video-preview:-1\" \/>\n<meta property=\"og:locale\" content=\"de_DE\" \/>\n<meta property=\"og:type\" content=\"article\" \/>\n<meta property=\"og:title\" content=\"Angebot anfordern | Don\u00e1t K\u00e9kesi - Fotografie\" \/>\n<meta property=\"og:description\" content=\"Internationale Fotografie- und Videoproduktion. Professionelle Studioausr\u00fcstung. Personalisiertes Konzept. 100 % Qualit\u00e4tsgarantie.\" \/>\n<meta property=\"og:url\" content=\"https:\/\/teszt.donatkekesi.com\/de\/angebot-anfordern\/\" \/>\n<meta property=\"og:site_name\" content=\"Don\u00e1t K\u00e9kesi - Photography\" \/>\n<meta property=\"article:modified_time\" content=\"2024-01-31T10:35:50+00:00\" \/>\n<meta property=\"og:image\" content=\"https:\/\/teszt.donatkekesi.com\/wp-content\/uploads\/2020\/05\/budapest-fotozas-arajanlat.jpg\" \/>\n\t<meta property=\"og:image:width\" content=\"1200\" \/>\n\t<meta property=\"og:image:height\" content=\"800\" \/>\n\t<meta property=\"og:image:type\" content=\"image\/jpeg\" \/>\n<meta name=\"twitter:card\" content=\"summary_large_image\" \/>\n<meta name=\"twitter:label1\" content=\"Gesch\u00e4tzte Lesezeit\" \/>\n\t<meta name=\"twitter:data1\" content=\"3\u00a0Minuten\" \/>\n<script type=\"application\/ld+json\" class=\"yoast-schema-graph\">{\"@context\":\"https:\/\/schema.org\",\"@graph\":[{\"@type\":\"WebPage\",\"@id\":\"https:\/\/teszt.donatkekesi.com\/de\/angebot-anfordern\/\",\"url\":\"https:\/\/teszt.donatkekesi.com\/de\/angebot-anfordern\/\",\"name\":\"Angebot anfordern | Don\u00e1t K\u00e9kesi - Fotografie\",\"isPartOf\":{\"@id\":\"https:\/\/teszt.donatkekesi.com\/#website\"},\"datePublished\":\"2020-05-10T20:37:55+00:00\",\"dateModified\":\"2024-01-31T10:35:50+00:00\",\"description\":\"Internationale Fotografie- und Videoproduktion. Professionelle Studioausr\u00fcstung. Personalisiertes Konzept. 100 % Qualit\u00e4tsgarantie.\",\"breadcrumb\":{\"@id\":\"https:\/\/teszt.donatkekesi.com\/de\/angebot-anfordern\/#breadcrumb\"},\"inLanguage\":\"de\",\"potentialAction\":[{\"@type\":\"ReadAction\",\"target\":[\"https:\/\/teszt.donatkekesi.com\/de\/angebot-anfordern\/\"]}]},{\"@type\":\"BreadcrumbList\",\"@id\":\"https:\/\/teszt.donatkekesi.com\/de\/angebot-anfordern\/#breadcrumb\",\"itemListElement\":[{\"@type\":\"ListItem\",\"position\":1,\"name\":\"Home\",\"item\":\"https:\/\/teszt.donatkekesi.com\/de\/\"},{\"@type\":\"ListItem\",\"position\":2,\"name\":\"Angebot anfordern\"}]},{\"@type\":\"WebSite\",\"@id\":\"https:\/\/teszt.donatkekesi.com\/#website\",\"url\":\"https:\/\/teszt.donatkekesi.com\/\",\"name\":\"Don\u00e1t K\u00e9kesi - Photography\",\"description\":\"Portr\u00e9-, csoportk\u00e9p-, esk\u00fcv\u0151i-, rekl\u00e1mfot\u00f3z\u00e1s, rendezv\u00e9ny-dokument\u00e1ci\u00f3 Budapest\",\"potentialAction\":[{\"@type\":\"SearchAction\",\"target\":{\"@type\":\"EntryPoint\",\"urlTemplate\":\"https:\/\/teszt.donatkekesi.com\/?s={search_term_string}\"},\"query-input\":\"required name=search_term_string\"}],\"inLanguage\":\"de\"}]}<\/script>\n<!-- \/ Yoast SEO plugin. -->","yoast_head_json":{"title":"Angebot anfordern | Don\u00e1t K\u00e9kesi - Fotografie","description":"Internationale Fotografie- und Videoproduktion. Professionelle Studioausr\u00fcstung. Personalisiertes Konzept. 100 % Qualit\u00e4tsgarantie.","robots":{"index":"noindex","follow":"follow","max-snippet":"max-snippet:-1","max-image-preview":"max-image-preview:large","max-video-preview":"max-video-preview:-1"},"og_locale":"de_DE","og_type":"article","og_title":"Angebot anfordern | Don\u00e1t K\u00e9kesi - Fotografie","og_description":"Internationale Fotografie- und Videoproduktion. Professionelle Studioausr\u00fcstung. Personalisiertes Konzept. 100 % Qualit\u00e4tsgarantie.","og_url":"https:\/\/teszt.donatkekesi.com\/de\/angebot-anfordern\/","og_site_name":"Don\u00e1t K\u00e9kesi - Photography","article_modified_time":"2024-01-31T10:35:50+00:00","og_image":[{"width":1200,"height":800,"url":"https:\/\/teszt.donatkekesi.com\/wp-content\/uploads\/2020\/05\/budapest-fotozas-arajanlat.jpg","type":"image\/jpeg"}],"twitter_card":"summary_large_image","twitter_misc":{"Gesch\u00e4tzte Lesezeit":"3\u00a0Minuten"},"schema":{"@context":"https:\/\/schema.org","@graph":[{"@type":"WebPage","@id":"https:\/\/teszt.donatkekesi.com\/de\/angebot-anfordern\/","url":"https:\/\/teszt.donatkekesi.com\/de\/angebot-anfordern\/","name":"Angebot anfordern | Don\u00e1t K\u00e9kesi - Fotografie","isPartOf":{"@id":"https:\/\/teszt.donatkekesi.com\/#website"},"datePublished":"2020-05-10T20:37:55+00:00","dateModified":"2024-01-31T10:35:50+00:00","description":"Internationale Fotografie- und Videoproduktion. Professionelle Studioausr\u00fcstung. Personalisiertes Konzept. 100 % Qualit\u00e4tsgarantie.","breadcrumb":{"@id":"https:\/\/teszt.donatkekesi.com\/de\/angebot-anfordern\/#breadcrumb"},"inLanguage":"de","potentialAction":[{"@type":"ReadAction","target":["https:\/\/teszt.donatkekesi.com\/de\/angebot-anfordern\/"]}]},{"@type":"BreadcrumbList","@id":"https:\/\/teszt.donatkekesi.com\/de\/angebot-anfordern\/#breadcrumb","itemListElement":[{"@type":"ListItem","position":1,"name":"Home","item":"https:\/\/teszt.donatkekesi.com\/de\/"},{"@type":"ListItem","position":2,"name":"Angebot anfordern"}]},{"@type":"WebSite","@id":"https:\/\/teszt.donatkekesi.com\/#website","url":"https:\/\/teszt.donatkekesi.com\/","name":"Don\u00e1t K\u00e9kesi - Photography","description":"Portr\u00e9-, csoportk\u00e9p-, esk\u00fcv\u0151i-, rekl\u00e1mfot\u00f3z\u00e1s, rendezv\u00e9ny-dokument\u00e1ci\u00f3 Budapest","potentialAction":[{"@type":"SearchAction","target":{"@type":"EntryPoint","urlTemplate":"https:\/\/teszt.donatkekesi.com\/?s={search_term_string}"},"query-input":"required name=search_term_string"}],"inLanguage":"de"}]}},"_links":{"self":[{"href":"https:\/\/teszt.donatkekesi.com\/de\/wp-json\/wp\/v2\/pages\/246492"}],"collection":[{"href":"https:\/\/teszt.donatkekesi.com\/de\/wp-json\/wp\/v2\/pages"}],"about":[{"href":"https:\/\/teszt.donatkekesi.com\/de\/wp-json\/wp\/v2\/types\/page"}],"author":[{"embeddable":true,"href":"https:\/\/teszt.donatkekesi.com\/de\/wp-json\/wp\/v2\/users\/2"}],"replies":[{"embeddable":true,"href":"https:\/\/teszt.donatkekesi.com\/de\/wp-json\/wp\/v2\/comments?post=246492"}],"version-history":[{"count":4,"href":"https:\/\/teszt.donatkekesi.com\/de\/wp-json\/wp\/v2\/pages\/246492\/revisions"}],"predecessor-version":[{"id":246804,"href":"https:\/\/teszt.donatkekesi.com\/de\/wp-json\/wp\/v2\/pages\/246492\/revisions\/246804"}],"wp:featuredmedia":[{"embeddable":true,"href":"https:\/\/teszt.donatkekesi.com\/de\/wp-json\/wp\/v2\/media\/246494"}],"wp:attachment":[{"href":"https:\/\/teszt.donatkekesi.com\/de\/wp-json\/wp\/v2\/media?parent=246492"}],"wp:term":[{"taxonomy":"dipi_cpt_category","embeddable":true,"href":"https:\/\/teszt.donatkekesi.com\/de\/wp-json\/wp\/v2\/dipi_cpt_category?post=246492"}],"curies":[{"name":"wp","href":"https:\/\/api.w.org\/{rel}","templated":true}]}}