{"id":246339,"date":"2020-05-10T21:19:09","date_gmt":"2020-05-10T21:19:09","guid":{"rendered":"https:\/\/teszt.donatkekesi.com\/?page_id=246339"},"modified":"2024-01-31T10:36:18","modified_gmt":"2024-01-31T10:36:18","slug":"impressum","status":"publish","type":"page","link":"https:\/\/teszt.donatkekesi.com\/de\/impressum\/","title":{"rendered":"Impressum"},"content":{"rendered":"\n[et_pb_section fb_built=&#8220;1&#8243; admin_label=&#8220;Section&#8220; _builder_version=&#8220;4.16&#8243; background_color=&#8220;#000000&#8243; custom_padding=&#8220;40px||21px||false|false&#8220; custom_padding_tablet=&#8220;0px|||&#8220; transparent_background=&#8220;off&#8220; global_colors_info=&#8220;{}&#8220;][et_pb_row column_padding_mobile=&#8220;on&#8220; admin_label=&#8220;Row&#8220; _builder_version=&#8220;4.16&#8243; background_size=&#8220;initial&#8220; background_position=&#8220;top_left&#8220; background_repeat=&#8220;repeat&#8220; width=&#8220;60%&#8220; max_width=&#8220;60%&#8220; module_alignment=&#8220;center&#8220; custom_padding=&#8220;25px||||false|false&#8220; hover_enabled=&#8220;0&#8243; use_custom_width=&#8220;on&#8220; width_unit=&#8220;off&#8220; custom_width_percent=&#8220;60%&#8220; global_colors_info=&#8220;{}&#8220; sticky_enabled=&#8220;0&#8243;][et_pb_column type=&#8220;4_4&#8243; _builder_version=&#8220;4.16&#8243; custom_padding=&#8220;|||&#8220; global_colors_info=&#8220;{}&#8220; custom_padding__hover=&#8220;|||&#8220;][et_pb_post_title meta=&#8220;off&#8220; featured_image=&#8220;off&#8220; _builder_version=&#8220;4.16&#8243; title_text_color=&#8220;#ffffff&#8220; title_font_size=&#8220;40px&#8220; global_colors_info=&#8220;{}&#8220;][\/et_pb_post_title][et_pb_text admin_label=&#8220;Text&#8220; _builder_version=&#8220;4.22.2&#8243; text_font=&#8220;||||||||&#8220; text_text_color=&#8220;#ffffff&#8220; text_font_size=&#8220;16px&#8220; text_line_height=&#8220;1.5em&#8220; header_2_text_color=&#8220;#ffffff&#8220; header_3_text_color=&#8220;#ffffff&#8220; background_size=&#8220;initial&#8220; background_position=&#8220;top_left&#8220; background_repeat=&#8220;repeat&#8220; custom_margin=&#8220;33px|||&#8220; hover_enabled=&#8220;0&#8243; use_border_color=&#8220;off&#8220; global_colors_info=&#8220;{}&#8220; sticky_enabled=&#8220;0&#8243;]<h3><strong>DIENSTLEISTER<\/strong><\/h3>\n<ul>\n<li><strong>Name: <\/strong>DKP Visual Produkci\u00f3s Kft.<\/li>\n<li><strong>Adresse:<\/strong>\u00a0<span><a href=\"https:\/\/goo.gl\/maps\/1nXtXQ95cbGiaAhP8\">Katona J\u00f3zsef <\/a><a href=\"https:\/\/goo.gl\/maps\/1nXtXQ95cbGiaAhP8\">utca <\/a><a href=\"https:\/\/goo.gl\/maps\/1nXtXQ95cbGiaAhP8\">39, Budapest, Ungarn 1137<\/a><\/span><\/li>\n<li><strong>Email:<\/strong>\u00a0<span><a href=\"mailto:info@donatkekesi.com\">info@donatkekesi.com<\/a><\/span><\/li>\n<li><strong>Telefon: <\/strong>+36209223936<\/li>\n<li><strong>Netz:<\/strong> <span><a href=\"https:\/\/teszt.donatkekesi.com\">https:\/\/teszt.donatkekesi.com<\/a><\/span><\/li>\n<\/ul>\n<h3><strong>WEB-HOSTING<\/strong><\/h3>\n<ul>\n<li><strong>Name: <\/strong>NETDOOR Kft .<\/li>\n<li><strong>Adresse:<\/strong> Akad\u00e9mia utca 14, Budapest, Ungarn 1054<\/li>\n<li><strong>E-Mail: <\/strong>info@serverkraft.hu<\/li>\n<li><strong>Telefon: <\/strong>+36709410077<\/li>\n<li><strong>Web: <\/strong><span><a href=\"https:\/\/serverkraft.hu\/\">https:\/\/serverkraft.hu\/<\/a><\/span><\/li>\n<\/ul>\n<h3><strong>2. DEFINITIONEN<\/strong><\/h3>\n<p><span style=\"font-weight: 400;\">Gro\u00dfgeschriebene Begriffe in der folgenden Richtlinie haben die folgende Bedeutung:<\/span><\/p>\n<p><span style=\"font-weight: 400;\">2.1 Dienstleister: eine juristische Person, die Dienstleistungen f\u00fcr Kunden erbringt.<\/span><\/p>\n<p><span style=\"font-weight: 400;\">2.2 Benutzer: jede Person, die die Website oder die auf der Website verf\u00fcgbaren Dienste in irgendeiner Weise nutzt.<\/span><\/p>\n<h3><strong>3. GRUNDLEGENDE BESTIMMUNGEN<\/strong><\/h3>\n<p><span style=\"font-weight: 400;\">3.1 F\u00fcr die in dieser Richtlinie nicht geregelten Angelegenheiten und die Auslegung dieser Richtlinie gilt ungarisches Recht, insbesondere im Hinblick auf die einschl\u00e4gigen Bestimmungen des Gesetzes V von 2013 \u00fcber das B\u00fcrgerliche Gesetzbuch und des Gesetzes CVIII von 2001 \u00fcber den elektronischen Gesch\u00e4ftsverkehr und \u00fcber Dienste der Informationsgesellschaft. F\u00fcr die Parteien gelten die zwingenden Bestimmungen der einschl\u00e4gigen Rechtsvorschriften, ohne dass es einer besonderen Regelung bedarf.<\/span><\/p>\n<p><span style=\"font-weight: 400;\">3.2 Diese Richtlinie tritt am 4. M\u00e4rz 2016 in Kraft und bleibt bis auf Widerruf in Kraft. Der Dienstleister ist berechtigt, diese Richtlinie einseitig zu \u00e4ndern. Der Dienstleister ver\u00f6ffentlicht die \u00c4nderungen 11 (elf) Tage vor ihrem Inkrafttreten auf seinen Websites. Durch die Nutzung der Website erkl\u00e4ren sich die Nutzer damit einverstanden, dass alle Bestimmungen im Zusammenhang mit ihrer Nutzung der Website automatisch f\u00fcr sie gelten.<\/span><\/p>\n<p><span style=\"font-weight: 400;\">3.3 Durch den Zugriff auf die vom Dienstanbieter betriebene Website oder durch das Lesen deren Inhalts in irgendeiner Weise erkennt der Nutzer an, dass er an die Bestimmungen der Richtlinie gebunden ist. Akzeptiert der Nutzer die Allgemeinen Gesch\u00e4ftsbedingungen nicht, ist er nicht berechtigt, den Inhalt der Website einzusehen.<\/span><\/p>\n<p><span style=\"font-weight: 400;\">3.4 Der Dienstanbieter beh\u00e4lt sich alle Rechte an der Website, Teilen davon, den darauf angezeigten Inhalten und der Verbreitung der Website vor. Ohne die schriftliche Zustimmung des Dienstanbieters d\u00fcrfen Sie den Inhalt der Website oder Teile davon nicht herunterladen, elektronisch speichern, verarbeiten oder verkaufen.<\/span><\/p>\n<h3><strong>4. HAFTUNGSAUSSCHLUSS<\/strong><\/h3>\n<p><span style=\"font-weight: 400;\">4.1 Der Dienstleister erkl\u00e4rt, dass er sich bem\u00fcht, die Informationen auf der Website donatkekesi.com auf dem neuesten Stand zu halten, \u00fcbernimmt jedoch unter keinen Umst\u00e4nden eine Verantwortung f\u00fcr deren Vollst\u00e4ndigkeit, Richtigkeit oder m\u00f6gliche \u00c4nderungen.<\/span><\/p>\n<p><span style=\"font-weight: 400;\">4.2 Der Dienstleister betont, dass er nicht f\u00fcr Sch\u00e4den haftet, die aus der Nutzung der Website donatkekesi.com entstehen.<\/span><\/p>\n<p><span style=\"font-weight: 400;\">4.3 Der Dienstanbieter kann den Inhalt jederzeit ohne vorherige Ank\u00fcndigung ganz oder teilweise \u00e4ndern, aktualisieren oder zur\u00fcckziehen.<\/span><\/p>\n<p><span style=\"font-weight: 400;\">4.4 \u00c4nderungen an der Website donatkekesi.com k\u00f6nnen ohne bewusste Absicht und Kontrolle des Dienstanbieters vorgenommen werden. Daher haftet der Dienstanbieter nicht f\u00fcr die Genauigkeit, Zuverl\u00e4ssigkeit, Aktualit\u00e4t oder den Inhalt der angezeigten Inhalte, Informationen, Dokumentationen usw weitere schriftliche Materialien verf\u00fcgbar.<\/span><\/p>\n<p><span style=\"font-weight: 400;\">4.5 Die Nutzung der Website erfolgt ausschlie\u00dflich auf eigenes Risiko des Nutzers und der Dienstanbieter haftet nicht f\u00fcr Sch\u00e4den, die durch fehlerhafte, fehlerhafte oder unvollst\u00e4ndige Inhalte entstehen.<\/span><\/p>\n<p><span style=\"font-weight: 400;\">4.6 Der Dienstanbieter \u00fcbernimmt keine Gew\u00e4hr f\u00fcr den unterbrechungsfreien und fehlerfreien Betrieb der auf der Website donatkekesi.com enthaltenen Funktionen. Der Dienstanbieter haftet nicht f\u00fcr Sch\u00e4den, Verluste oder Kosten, die im Zusammenhang mit der Nutzung oder Unm\u00f6glichkeit der Nutzung der Website oder einem Ausfall, einer Fehlfunktion, einem Betriebsausfall, einem Computervirus, einem Leitungs- oder Systemausfall oder \u00c4hnlichem entstehen Ursachen. Der Benutzer erkennt daher an, dass der Dienstanbieter nicht f\u00fcr Fehler in der Ausr\u00fcstung des Benutzers, Sch\u00e4den durch einen Virus oder Datenverlust oder unbefugten Zugriff auf das Ger\u00e4t oder Netzwerk des Benutzers verantwortlich ist.<\/span><\/p>\n<h3><strong>5. URHEBERRECHT<\/strong><\/h3>\n<p><span style=\"font-weight: 400;\">5.1 Der Nutzer, der die Website besucht und nutzt, ist berechtigt, die Inhalte der Website ausschlie\u00dflich f\u00fcr private Zwecke zu nutzen. Die private Nutzung ist nicht verg\u00fctungspflichtig, darf aber weder direkt noch indirekt der Erzielung von Eink\u00fcnften oder der Einkommenssteigerung dienen.<\/span><\/p>\n<p><span style=\"font-weight: 400;\">5.2 Die kostenfreie Nutzung ist kostenfrei und bedarf keiner Genehmigung des Diensteanbieters. Die Nutzung ist im Rahmen der Bestimmungen zur kostenfreien Nutzung nur dann unentgeltlich gestattet, wenn sie die normale Nutzung der Website nicht beeintr\u00e4chtigt, die berechtigten Interessen des Diensteanbieters nicht unangemessen beeintr\u00e4chtigt und den Anforderungen von Treu und Glauben entspricht Fairness und ist nicht auf einen Zweck gerichtet, der mit dem Zweck der freien Nutzung unvereinbar ist. Jede andere als die oben vorgesehene oder \u00fcber den Rahmen der kostenlosen Nutzung hinausgehende Nutzung des Inhalts der Website f\u00fchrt zu einer unbefugten Nutzung, gegen die der Diensteanbieter die gesetzlich vorgesehenen Rechtsbehelfe aus\u00fcben wird.<\/span><\/p>\n<p><span style=\"font-weight: 400;\">5.3 Jede Nutzung zu kommerziellen Zwecken bedarf der vorherigen schriftlichen Zustimmung des Diensteanbieters. Die Verwendung des Logos und der Marken des Dienstleisters bedarf der vorherigen Genehmigung.<\/span><\/p>\n<p><span style=\"font-weight: 400;\">5.4 Auch mit schriftlicher Zustimmung darf jegliches Material von der Website und ihrer Datenbank nur unter Bezugnahme auf den Dienstanbieter kopiert werden.<\/span><\/p>\n<p><span style=\"font-weight: 400;\">5.5 Der Dienstanbieter beh\u00e4lt sich alle Rechte an allen Elementen seines Dienstes, der Website und ihren Domain-Namen, den daraus gebildeten sekund\u00e4ren Domain-Namen sowie ihren Internet-Werbefl\u00e4chen vor.<\/span><\/p>\n<p><span style=\"font-weight: 400;\">5.6 Es ist verboten, den Inhalt der Website oder Teile davon anzupassen oder zu entschl\u00fcsseln oder eine Anwendung zu verwenden, um die Website oder Teile davon zu modifizieren oder zu indizieren.<\/span><\/p>[\/et_pb_text][\/et_pb_column][\/et_pb_row][\/et_pb_section]\n","protected":false},"excerpt":{"rendered":"<p>DIENSTLEISTER Name: DKP Visual Produkci\u00f3s Kft. Adresse:\u00a0Katona J\u00f3zsef utca 39, Budapest, Ungarn 1137 Email:\u00a0info@donatkekesi.com Telefon: +36209223936 Netz: https:\/\/teszt.donatkekesi.com WEB-HOSTING Name: NETDOOR Kft . Adresse: Akad\u00e9mia utca 14, Budapest, Ungarn 1054 E-Mail: info@serverkraft.hu Telefon: +36709410077 Web: https:\/\/serverkraft.hu\/ 2. DEFINITIONEN Gro\u00dfgeschriebene Begriffe in der folgenden Richtlinie haben die folgende Bedeutung: 2.1 Dienstleister: eine juristische Person, die Dienstleistungen [&hellip;]<\/p>\n","protected":false},"author":2,"featured_media":0,"parent":0,"menu_order":0,"comment_status":"closed","ping_status":"closed","template":"","meta":{"_et_pb_use_builder":"on","_et_pb_old_content":"","_et_gb_content_width":"","footnotes":""},"dipi_cpt_category":[],"yoast_head":"<!-- This site is optimized with the Yoast SEO plugin v21.4 - https:\/\/yoast.com\/wordpress\/plugins\/seo\/ -->\n<title>Impressum | Don\u00e1t K\u00e9kesi - Fotografie<\/title>\n<meta name=\"robots\" content=\"noindex, follow, max-snippet:-1, max-image-preview:large, max-video-preview:-1\" \/>\n<meta property=\"og:locale\" content=\"de_DE\" \/>\n<meta property=\"og:type\" content=\"article\" \/>\n<meta property=\"og:title\" content=\"Impressum | Don\u00e1t K\u00e9kesi - Fotografie\" \/>\n<meta property=\"og:description\" content=\"DIENSTLEISTER Name: DKP Visual Produkci\u00f3s Kft. Adresse:\u00a0Katona J\u00f3zsef utca 39, Budapest, Ungarn 1137 Email:\u00a0info@donatkekesi.com Telefon: +36209223936 Netz: https:\/\/teszt.donatkekesi.com WEB-HOSTING Name: NETDOOR Kft . Adresse: Akad\u00e9mia utca 14, Budapest, Ungarn 1054 E-Mail: info@serverkraft.hu Telefon: +36709410077 Web: https:\/\/serverkraft.hu\/ 2. DEFINITIONEN Gro\u00dfgeschriebene Begriffe in der folgenden Richtlinie haben die folgende Bedeutung: 2.1 Dienstleister: eine juristische Person, die Dienstleistungen [&hellip;]\" \/>\n<meta property=\"og:url\" content=\"https:\/\/teszt.donatkekesi.com\/de\/impressum\/\" \/>\n<meta property=\"og:site_name\" content=\"Don\u00e1t K\u00e9kesi - Photography\" \/>\n<meta property=\"article:modified_time\" content=\"2024-01-31T10:36:18+00:00\" \/>\n<meta name=\"twitter:card\" content=\"summary_large_image\" \/>\n<meta name=\"twitter:label1\" content=\"Gesch\u00e4tzte Lesezeit\" \/>\n\t<meta name=\"twitter:data1\" content=\"5\u00a0Minuten\" \/>\n<script type=\"application\/ld+json\" class=\"yoast-schema-graph\">{\"@context\":\"https:\/\/schema.org\",\"@graph\":[{\"@type\":\"WebPage\",\"@id\":\"https:\/\/teszt.donatkekesi.com\/de\/impressum\/\",\"url\":\"https:\/\/teszt.donatkekesi.com\/de\/impressum\/\",\"name\":\"Impressum | Don\u00e1t K\u00e9kesi - Fotografie\",\"isPartOf\":{\"@id\":\"https:\/\/teszt.donatkekesi.com\/#website\"},\"datePublished\":\"2020-05-10T21:19:09+00:00\",\"dateModified\":\"2024-01-31T10:36:18+00:00\",\"breadcrumb\":{\"@id\":\"https:\/\/teszt.donatkekesi.com\/de\/impressum\/#breadcrumb\"},\"inLanguage\":\"de\",\"potentialAction\":[{\"@type\":\"ReadAction\",\"target\":[\"https:\/\/teszt.donatkekesi.com\/de\/impressum\/\"]}]},{\"@type\":\"BreadcrumbList\",\"@id\":\"https:\/\/teszt.donatkekesi.com\/de\/impressum\/#breadcrumb\",\"itemListElement\":[{\"@type\":\"ListItem\",\"position\":1,\"name\":\"Home\",\"item\":\"https:\/\/teszt.donatkekesi.com\/de\/\"},{\"@type\":\"ListItem\",\"position\":2,\"name\":\"Impressum\"}]},{\"@type\":\"WebSite\",\"@id\":\"https:\/\/teszt.donatkekesi.com\/#website\",\"url\":\"https:\/\/teszt.donatkekesi.com\/\",\"name\":\"Don\u00e1t K\u00e9kesi - Photography\",\"description\":\"Portr\u00e9-, csoportk\u00e9p-, esk\u00fcv\u0151i-, rekl\u00e1mfot\u00f3z\u00e1s, rendezv\u00e9ny-dokument\u00e1ci\u00f3 Budapest\",\"potentialAction\":[{\"@type\":\"SearchAction\",\"target\":{\"@type\":\"EntryPoint\",\"urlTemplate\":\"https:\/\/teszt.donatkekesi.com\/?s={search_term_string}\"},\"query-input\":\"required name=search_term_string\"}],\"inLanguage\":\"de\"}]}<\/script>\n<!-- \/ Yoast SEO plugin. -->","yoast_head_json":{"title":"Impressum | Don\u00e1t K\u00e9kesi - Fotografie","robots":{"index":"noindex","follow":"follow","max-snippet":"max-snippet:-1","max-image-preview":"max-image-preview:large","max-video-preview":"max-video-preview:-1"},"og_locale":"de_DE","og_type":"article","og_title":"Impressum | Don\u00e1t K\u00e9kesi - Fotografie","og_description":"DIENSTLEISTER Name: DKP Visual Produkci\u00f3s Kft. Adresse:\u00a0Katona J\u00f3zsef utca 39, Budapest, Ungarn 1137 Email:\u00a0info@donatkekesi.com Telefon: +36209223936 Netz: https:\/\/teszt.donatkekesi.com WEB-HOSTING Name: NETDOOR Kft . Adresse: Akad\u00e9mia utca 14, Budapest, Ungarn 1054 E-Mail: info@serverkraft.hu Telefon: +36709410077 Web: https:\/\/serverkraft.hu\/ 2. DEFINITIONEN Gro\u00dfgeschriebene Begriffe in der folgenden Richtlinie haben die folgende Bedeutung: 2.1 Dienstleister: eine juristische Person, die Dienstleistungen [&hellip;]","og_url":"https:\/\/teszt.donatkekesi.com\/de\/impressum\/","og_site_name":"Don\u00e1t K\u00e9kesi - Photography","article_modified_time":"2024-01-31T10:36:18+00:00","twitter_card":"summary_large_image","twitter_misc":{"Gesch\u00e4tzte Lesezeit":"5\u00a0Minuten"},"schema":{"@context":"https:\/\/schema.org","@graph":[{"@type":"WebPage","@id":"https:\/\/teszt.donatkekesi.com\/de\/impressum\/","url":"https:\/\/teszt.donatkekesi.com\/de\/impressum\/","name":"Impressum | Don\u00e1t K\u00e9kesi - Fotografie","isPartOf":{"@id":"https:\/\/teszt.donatkekesi.com\/#website"},"datePublished":"2020-05-10T21:19:09+00:00","dateModified":"2024-01-31T10:36:18+00:00","breadcrumb":{"@id":"https:\/\/teszt.donatkekesi.com\/de\/impressum\/#breadcrumb"},"inLanguage":"de","potentialAction":[{"@type":"ReadAction","target":["https:\/\/teszt.donatkekesi.com\/de\/impressum\/"]}]},{"@type":"BreadcrumbList","@id":"https:\/\/teszt.donatkekesi.com\/de\/impressum\/#breadcrumb","itemListElement":[{"@type":"ListItem","position":1,"name":"Home","item":"https:\/\/teszt.donatkekesi.com\/de\/"},{"@type":"ListItem","position":2,"name":"Impressum"}]},{"@type":"WebSite","@id":"https:\/\/teszt.donatkekesi.com\/#website","url":"https:\/\/teszt.donatkekesi.com\/","name":"Don\u00e1t K\u00e9kesi - Photography","description":"Portr\u00e9-, csoportk\u00e9p-, esk\u00fcv\u0151i-, rekl\u00e1mfot\u00f3z\u00e1s, rendezv\u00e9ny-dokument\u00e1ci\u00f3 Budapest","potentialAction":[{"@type":"SearchAction","target":{"@type":"EntryPoint","urlTemplate":"https:\/\/teszt.donatkekesi.com\/?s={search_term_string}"},"query-input":"required name=search_term_string"}],"inLanguage":"de"}]}},"_links":{"self":[{"href":"https:\/\/teszt.donatkekesi.com\/de\/wp-json\/wp\/v2\/pages\/246339"}],"collection":[{"href":"https:\/\/teszt.donatkekesi.com\/de\/wp-json\/wp\/v2\/pages"}],"about":[{"href":"https:\/\/teszt.donatkekesi.com\/de\/wp-json\/wp\/v2\/types\/page"}],"author":[{"embeddable":true,"href":"https:\/\/teszt.donatkekesi.com\/de\/wp-json\/wp\/v2\/users\/2"}],"replies":[{"embeddable":true,"href":"https:\/\/teszt.donatkekesi.com\/de\/wp-json\/wp\/v2\/comments?post=246339"}],"version-history":[{"count":6,"href":"https:\/\/teszt.donatkekesi.com\/de\/wp-json\/wp\/v2\/pages\/246339\/revisions"}],"predecessor-version":[{"id":246809,"href":"https:\/\/teszt.donatkekesi.com\/de\/wp-json\/wp\/v2\/pages\/246339\/revisions\/246809"}],"wp:attachment":[{"href":"https:\/\/teszt.donatkekesi.com\/de\/wp-json\/wp\/v2\/media?parent=246339"}],"wp:term":[{"taxonomy":"dipi_cpt_category","embeddable":true,"href":"https:\/\/teszt.donatkekesi.com\/de\/wp-json\/wp\/v2\/dipi_cpt_category?post=246339"}],"curies":[{"name":"wp","href":"https:\/\/api.w.org\/{rel}","templated":true}]}}